{"id":11,"date":"2025-08-25T10:48:08","date_gmt":"2025-08-25T08:48:08","guid":{"rendered":"https:\/\/prostonaprosta.pl\/?page_id=11"},"modified":"2025-08-26T11:11:51","modified_gmt":"2025-08-26T09:11:51","slug":"zwroty","status":"publish","type":"page","link":"https:\/\/prostonaprosta.pl\/?page_id=11","title":{"rendered":"Polityka zwrot\u00f3w"},"content":{"rendered":"\n<h2 class=\"wp-block-heading\"><strong>Informacje og\u00f3lne<\/strong><\/h2>\n\n\n\n<ol class=\"wp-block-list\">\n<li>Niniejsza Polityka zwrot\u00f3w okre\u015bla zasady dotycz\u0105ce rezygnacji i zwrot\u00f3w w zwi\u0105zku z zakupem e-booka <strong>\u201eZe startu, przez pit stop, a\u017c do mety!\u201d<\/strong>  za po\u015brednictwem strony internetowej <strong>prostonaprosta.pl<\/strong>.<br><\/li>\n<\/ol>\n\n\n\n<p>2. Sprzedawc\u0105 i Administratorem Serwisu jest:<\/p>\n\n\n\n<p>Imi\u0119 i Nazwisko: Jakub Zawadzki<strong><br><\/strong> Adres e-mail: <strong>zawadzkikuba22@gmail.com<\/strong>.<\/p>\n\n\n\n<h2 class=\"wp-block-heading\"><strong>Brak mo\u017cliwo\u015bci zwrotu<\/strong><\/h2>\n\n\n\n<ol class=\"wp-block-list\">\n<li>Zgodnie z art. 38 pkt 13 ustawy o prawach konsumenta, prawo odst\u0105pienia od umowy zawartej na odleg\u0142o\u015b\u0107 <strong>nie przys\u0142uguje konsumentowi<\/strong>, je\u017celi przedmiotem umowy jest dostarczanie tre\u015bci cyfrowych, kt\u00f3re nie s\u0105 zapisane na no\u015bniku materialnym (np. e-book), je\u017celi spe\u0142nianie \u015bwiadczenia rozpocz\u0119\u0142o si\u0119 za wyra\u017an\u0105 zgod\u0105 konsumenta przed up\u0142ywem terminu do odst\u0105pienia od umowy i po poinformowaniu go przez przedsi\u0119biorc\u0119 o utracie prawa odst\u0105pienia od umowy.<br><\/li>\n<\/ol>\n\n\n\n<p>2. Kupuj\u0105c e-book <strong>\u201eZe startu, przez pit stop, a\u017c do mety!\u201d<\/strong>, Klient wyra\u017ca        zgod\u0119 na natychmiastowe dostarczenie pliku cyfrowego oraz akceptuje fakt, \u017ce <strong>nie ma prawa do odst\u0105pienia od umowy ani do \u017c\u0105dania zwrotu p\u0142atno\u015bci po dokonaniu zakupu<\/strong>.<\/p>\n\n\n\n<h3 class=\"wp-block-heading\"><strong>Reklamacje techniczne<\/strong><\/h3>\n\n\n\n<ol class=\"wp-block-list\">\n<li>Je\u017celi dostarczony e-book oka\u017ce si\u0119 uszkodzony (np. nie otwiera si\u0119 plik, link do pobrania nie dzia\u0142a), Klient ma prawo zg\u0142osi\u0107 reklamacj\u0119 drog\u0105 elektroniczn\u0105 na adres: <strong>kontakt@prostonaprosta.pl<\/strong><br><\/li>\n<\/ol>\n\n\n\n<p>2. Reklamacje techniczne rozpatrywane s\u0105 w terminie do 14 dni od dnia ich otrzymania.<br><\/p>\n\n\n\n<p>3. W przypadku uzasadnionej reklamacji Sprzedawca dostarczy Klientowi prawid\u0142owy egzemplarz e-booka bez dodatkowych koszt\u00f3w.<\/p>\n\n\n\n<h2 class=\"wp-block-heading\"><strong>Postanowienia ko\u0144cowe<\/strong><\/h2>\n\n\n\n<ol class=\"wp-block-list\">\n<li>Polityka zwrot\u00f3w obowi\u0105zuje od dnia jej publikacji w Serwisie.<br><\/li>\n<\/ol>\n\n\n\n<p>2. Sprzedawca zastrzega sobie prawo do wprowadzania zmian w Polityce zwrot\u00f3w, kt\u00f3re nie wp\u0142ywaj\u0105 na prawa Klient\u00f3w wynikaj\u0105ce z zakup\u00f3w dokonanych przed wej\u015bciem zmian w \u017cycie.<br><\/p>\n\n\n\n<p>3. W sprawach nieuregulowanych zastosowanie maj\u0105 przepisy prawa polskiego, w szczeg\u00f3lno\u015bci ustawa o prawach konsumenta.<\/p>\n","protected":false},"excerpt":{"rendered":"<p>Informacje og\u00f3lne 2. Sprzedawc\u0105 i Administratorem Serwisu jest: Imi\u0119 i Nazwisko: Jakub Zawadzki Adres e-mail: zawadzkikuba22@gmail.com. Brak mo\u017cliwo\u015bci zwrotu 2. Kupuj\u0105c e-book \u201eZe startu, przez pit stop, a\u017c do mety!\u201d, Klient wyra\u017ca zgod\u0119 na natychmiastowe dostarczenie pliku cyfrowego oraz akceptuje fakt, \u017ce nie ma prawa do odst\u0105pienia od umowy ani do \u017c\u0105dania zwrotu p\u0142atno\u015bci po [&hellip;]<\/p>\n","protected":false},"author":1,"featured_media":0,"parent":0,"menu_order":0,"comment_status":"closed","ping_status":"closed","template":"","meta":{"footnotes":""},"class_list":["post-11","page","type-page","status-publish","hentry"],"jetpack_sharing_enabled":true,"_links":{"self":[{"href":"https:\/\/prostonaprosta.pl\/index.php?rest_route=\/wp\/v2\/pages\/11","targetHints":{"allow":["GET"]}}],"collection":[{"href":"https:\/\/prostonaprosta.pl\/index.php?rest_route=\/wp\/v2\/pages"}],"about":[{"href":"https:\/\/prostonaprosta.pl\/index.php?rest_route=\/wp\/v2\/types\/page"}],"author":[{"embeddable":true,"href":"https:\/\/prostonaprosta.pl\/index.php?rest_route=\/wp\/v2\/users\/1"}],"replies":[{"embeddable":true,"href":"https:\/\/prostonaprosta.pl\/index.php?rest_route=%2Fwp%2Fv2%2Fcomments&post=11"}],"version-history":[{"count":3,"href":"https:\/\/prostonaprosta.pl\/index.php?rest_route=\/wp\/v2\/pages\/11\/revisions"}],"predecessor-version":[{"id":164,"href":"https:\/\/prostonaprosta.pl\/index.php?rest_route=\/wp\/v2\/pages\/11\/revisions\/164"}],"wp:attachment":[{"href":"https:\/\/prostonaprosta.pl\/index.php?rest_route=%2Fwp%2Fv2%2Fmedia&parent=11"}],"curies":[{"name":"wp","href":"https:\/\/api.w.org\/{rel}","templated":true}]}}