{"id":95,"date":"2025-08-24T18:01:47","date_gmt":"2025-08-24T16:01:47","guid":{"rendered":"https:\/\/prostonaprosta.pl\/?post_type=product&#038;p=95"},"modified":"2025-09-01T13:59:32","modified_gmt":"2025-09-01T11:59:32","slug":"ebook-ze-startu-przez-pit-stop-az-do-mety","status":"publish","type":"product","link":"https:\/\/prostonaprosta.pl\/?product=ebook-ze-startu-przez-pit-stop-az-do-mety","title":{"rendered":"Ebook &#8220;Ze startu, przez pit stop, a\u017c do mety&#8221;"},"content":{"rendered":"<p><strong>&#8220;Ze startu, przez pit stop, a\u017c do mety&#8221;<\/strong> to e-book, kt\u00f3ry zabierze Ci\u0119 w fascynuj\u0105c\u0105 podr\u00f3\u017c po \u015bwiecie kr\u00f3lowej motorsportu. Zosta\u0142 stworzony zar\u00f3wno dla os\u00f3b, kt\u00f3re dopiero zaczynaj\u0105 swoj\u0105 przygod\u0119, jak i dla fan\u00f3w, kt\u00f3rzy chc\u0105 zg\u0142\u0119bi\u0107 techniczne i strategiczne aspekty wy\u015bcig\u00f3w. W \u015brodku znajdziesz ogrom starannie przygotowanej wiedzy \u2013 od podstawowych poj\u0119\u0107 po szczeg\u00f3\u0142owe analizy. Poznasz zasady dzia\u0142ania pit stop\u00f3w, tajniki doboru i zu\u017cycia opon, barwn\u0105 histori\u0119 Formu\u0142y 1, sylwetki zespo\u0142\u00f3w i ich rywalizacje, znaczenie flag i ich interpretacj\u0119, a tak\u017ce przebieg ca\u0142ego weekendu wy\u015bcigowego krok po kroku. Zajrzymy r\u00f3wnie\u017c za kulisy \u015bwiata dooko\u0142a F1 \u2013 od komunikat\u00f3w radiowych i pracy in\u017cynier\u00f3w po wp\u0142yw technologii wy\u015bcigowych na codzienne \u017cycie. To kompleksowe kompendium, kt\u00f3re poka\u017ce Ci, dlaczego w Formule 1 liczy si\u0119 ka\u017cdy u\u0142amek sekundy \u2013 i dlaczego ten sport fascynuje miliony ludzi na ca\u0142ym \u015bwiecie.<\/p>\n","protected":false},"excerpt":{"rendered":"<p><strong>Ebook &#8220;Ze startu, przez pit stop, a\u017c do mety&#8221;<\/strong> to przewodnik, kt\u00f3ry wci\u0105gnie Ci\u0119 w \u015bwiat kr\u00f3lowej motorsportu \u2013 od pit stop\u00f3w i opon po flagi, komunikaty radiowe i sekrety zespo\u0142\u00f3w. Idealny dla pocz\u0105tkuj\u0105cych i pasjonat\u00f3w, kt\u00f3rzy chc\u0105 wiedzie\u0107 wi\u0119cej ni\u017c pokazuj\u0105 kamery.<\/p>\n","protected":false},"featured_media":123,"template":"","meta":[],"product_brand":[],"product_cat":[15],"product_tag":[],"class_list":{"0":"post-95","1":"product","2":"type-product","3":"status-publish","4":"has-post-thumbnail","6":"product_cat-bez-kategorii","8":"first","9":"instock","10":"sale","11":"downloadable","12":"shipping-taxable","13":"purchasable","14":"product-type-simple"},"jetpack_sharing_enabled":true,"_links":{"self":[{"href":"https:\/\/prostonaprosta.pl\/index.php?rest_route=\/wp\/v2\/product\/95","targetHints":{"allow":["GET"]}}],"collection":[{"href":"https:\/\/prostonaprosta.pl\/index.php?rest_route=\/wp\/v2\/product"}],"about":[{"href":"https:\/\/prostonaprosta.pl\/index.php?rest_route=\/wp\/v2\/types\/product"}],"wp:featuredmedia":[{"embeddable":true,"href":"https:\/\/prostonaprosta.pl\/index.php?rest_route=\/wp\/v2\/media\/123"}],"wp:attachment":[{"href":"https:\/\/prostonaprosta.pl\/index.php?rest_route=%2Fwp%2Fv2%2Fmedia&parent=95"}],"wp:term":[{"taxonomy":"product_brand","embeddable":true,"href":"https:\/\/prostonaprosta.pl\/index.php?rest_route=%2Fwp%2Fv2%2Fproduct_brand&post=95"},{"taxonomy":"product_cat","embeddable":true,"href":"https:\/\/prostonaprosta.pl\/index.php?rest_route=%2Fwp%2Fv2%2Fproduct_cat&post=95"},{"taxonomy":"product_tag","embeddable":true,"href":"https:\/\/prostonaprosta.pl\/index.php?rest_route=%2Fwp%2Fv2%2Fproduct_tag&post=95"}],"curies":[{"name":"wp","href":"https:\/\/api.w.org\/{rel}","templated":true}]}}